{"id":79,"date":"2016-04-07T16:17:37","date_gmt":"2016-04-07T16:17:37","guid":{"rendered":"http:\/\/barnadasassessors.com\/?page_id=79"},"modified":"2016-04-07T16:19:55","modified_gmt":"2016-04-07T16:19:55","slug":"area-comptable","status":"publish","type":"page","link":"https:\/\/barnadasassessors.com\/?page_id=79","title":{"rendered":"\u00c0rea Comptable"},"content":{"rendered":"<p><span style=\"color: #008000;\"><strong><span style=\"text-decoration: underline;\">Serveis \u00c0rea Comptable:<\/span><\/strong><\/span><\/p>\n<p><span style=\"color: #008000;\"><em>Gesti\u00f3 i tramitaci\u00f3 comptable<\/em><\/span><\/p>\n<ul>\n<li>Externalitzaci\u00f3 de la gesti\u00f3 de la comptabilitat.<\/li>\n<li>An\u00e0lisi comptable en general.<\/li>\n<li>Tancaments.<\/li>\n<\/ul>\n<p><span style=\"color: #008000;\"><em>Impostos<\/em><\/span><\/p>\n<ul>\n<li>Pagaments a compte de l&#8217;Impost de Societats.<\/li>\n<li>Comptes anuals.<\/li>\n<li>Impost de Societats.<\/li>\n<\/ul>\n<p><span style=\"color: #008000;\"><em>Assessorament<\/em><\/span><\/p>\n<ul>\n<li>An\u00e0lisi sobre el tractament comptable aplicable a operacions empresarials.<\/li>\n<\/ul>\n","protected":false},"excerpt":{"rendered":"<p>Serveis \u00c0rea Comptable: Gesti\u00f3 i tramitaci\u00f3 comptable Externalitzaci\u00f3 de la gesti\u00f3 de la comptabilitat. An\u00e0lisi comptable en general. Tancaments. Impostos Pagaments a compte de l&#8217;Impost de Societats. Comptes anuals. Impost de Societats. Assessorament An\u00e0lisi sobre el tractament comptable aplicable a operacions empresarials.<\/p>\n","protected":false},"author":1,"featured_media":0,"parent":0,"menu_order":0,"comment_status":"closed","ping_status":"closed","template":"page_r.php","meta":[],"_links":{"self":[{"href":"https:\/\/barnadasassessors.com\/index.php?rest_route=\/wp\/v2\/pages\/79"}],"collection":[{"href":"https:\/\/barnadasassessors.com\/index.php?rest_route=\/wp\/v2\/pages"}],"about":[{"href":"https:\/\/barnadasassessors.com\/index.php?rest_route=\/wp\/v2\/types\/page"}],"author":[{"embeddable":true,"href":"https:\/\/barnadasassessors.com\/index.php?rest_route=\/wp\/v2\/users\/1"}],"replies":[{"embeddable":true,"href":"https:\/\/barnadasassessors.com\/index.php?rest_route=%2Fwp%2Fv2%2Fcomments&post=79"}],"version-history":[{"count":5,"href":"https:\/\/barnadasassessors.com\/index.php?rest_route=\/wp\/v2\/pages\/79\/revisions"}],"predecessor-version":[{"id":85,"href":"https:\/\/barnadasassessors.com\/index.php?rest_route=\/wp\/v2\/pages\/79\/revisions\/85"}],"wp:attachment":[{"href":"https:\/\/barnadasassessors.com\/index.php?rest_route=%2Fwp%2Fv2%2Fmedia&parent=79"}],"curies":[{"name":"wp","href":"https:\/\/api.w.org\/{rel}","templated":true}]}}