{"id":76,"date":"2016-04-07T16:12:49","date_gmt":"2016-04-07T16:12:49","guid":{"rendered":"http:\/\/barnadasassessors.com\/?page_id=76"},"modified":"2016-04-07T16:20:24","modified_gmt":"2016-04-07T16:20:24","slug":"area-fiscal","status":"publish","type":"page","link":"https:\/\/barnadasassessors.com\/?page_id=76","title":{"rendered":"\u00c0rea Fiscal"},"content":{"rendered":"<p><span style=\"color: #008000;\"><strong><span style=\"text-decoration: underline;\">Serveis \u00e0rea fiscal:<\/span><\/strong><\/span><\/p>\n<ul>\n<li>Assessorament continuat a les empreses en l&#8217;adequada atenci\u00f3 a les seves obligacions tributaries.<\/li>\n<li>Tramitaci\u00f3 en mat\u00e8ria impositiva general: IVA, pagaments fraccionats, impost sobre la renda, etc.<\/li>\n<li>Alta d&#8217;empreses.<\/li>\n<li>Planificaci\u00f3 fiscal i assessorament t\u00e8cnic a: societats, grups de societats, persones f\u00edsiques.<\/li>\n<li>An\u00e0lisis de la fiscalitat en operacions econ\u00f2miques puntuals.<\/li>\n<li>Assessorament en la fiscalitat de les operacions de reestructuraci\u00f3 d&#8217;empreses i en especial de les operacions de fusions i adquisicions.<\/li>\n<li>Assessorament a entitats sense fins lucratius, com fundacions, associacions, entitats docents i esportives.<\/li>\n<li>Assessorament en mat\u00e8ria d&#8217;impostos local<\/li>\n<\/ul>\n<p>&nbsp;<\/p>\n<ul>\n<li>Atenci\u00f3 de les relacions dels nostre clients amb l&#8217;Ag\u00e8ncia Tributaria, amb especial refer\u00e8ncia a la seva representaci\u00f3 davant l&#8217;Inspecci\u00f3 de Tributs.<\/li>\n<li>Sustentaci\u00f3 de reclamacions i recursos davant l&#8217;Ag\u00e8ncia Tributaria.&nbsp;<\/li>\n<\/ul>\n","protected":false},"excerpt":{"rendered":"<p>Serveis \u00e0rea fiscal: Assessorament continuat a les empreses en l&#8217;adequada atenci\u00f3 a les seves obligacions tributaries. Tramitaci\u00f3 en mat\u00e8ria impositiva general: IVA, pagaments fraccionats, impost sobre la renda, etc. Alta d&#8217;empreses. Planificaci\u00f3 fiscal i assessorament t\u00e8cnic a: societats, grups de societats, persones f\u00edsiques. An\u00e0lisis de la fiscalitat en operacions econ\u00f2miques puntuals. Assessorament en la fiscalitat [&hellip;]<\/p>\n","protected":false},"author":1,"featured_media":0,"parent":0,"menu_order":0,"comment_status":"closed","ping_status":"closed","template":"page_r.php","meta":[],"_links":{"self":[{"href":"https:\/\/barnadasassessors.com\/index.php?rest_route=\/wp\/v2\/pages\/76"}],"collection":[{"href":"https:\/\/barnadasassessors.com\/index.php?rest_route=\/wp\/v2\/pages"}],"about":[{"href":"https:\/\/barnadasassessors.com\/index.php?rest_route=\/wp\/v2\/types\/page"}],"author":[{"embeddable":true,"href":"https:\/\/barnadasassessors.com\/index.php?rest_route=\/wp\/v2\/users\/1"}],"replies":[{"embeddable":true,"href":"https:\/\/barnadasassessors.com\/index.php?rest_route=%2Fwp%2Fv2%2Fcomments&post=76"}],"version-history":[{"count":2,"href":"https:\/\/barnadasassessors.com\/index.php?rest_route=\/wp\/v2\/pages\/76\/revisions"}],"predecessor-version":[{"id":86,"href":"https:\/\/barnadasassessors.com\/index.php?rest_route=\/wp\/v2\/pages\/76\/revisions\/86"}],"wp:attachment":[{"href":"https:\/\/barnadasassessors.com\/index.php?rest_route=%2Fwp%2Fv2%2Fmedia&parent=76"}],"curies":[{"name":"wp","href":"https:\/\/api.w.org\/{rel}","templated":true}]}}