{"id":71,"date":"2016-04-07T16:01:40","date_gmt":"2016-04-07T16:01:40","guid":{"rendered":"http:\/\/barnadasassessors.com\/?page_id=71"},"modified":"2016-04-07T16:20:57","modified_gmt":"2016-04-07T16:20:57","slug":"areagestoria","status":"publish","type":"page","link":"https:\/\/barnadasassessors.com\/?page_id=71","title":{"rendered":"\u00c0rea Gestoria"},"content":{"rendered":"<p><strong><span style=\"text-decoration: underline; color: #008000;\">Serveis de Gestoria:<\/span><\/strong><\/p>\n<ul>\n<li>Tramitaci\u00f3 de permisos d&#8217;obertura, alta d&#8217;activitats.<\/li>\n<li>Tramitacions diverses davant del Registre Mercantil i el Registre de la Propietat. Liquidacions d&#8217;impostos.<\/li>\n<li>Obtenci\u00f3 i renovaci\u00f3 de permisos (conducci\u00f3, ca\u00e7a, armes).<\/li>\n<li>Targes de transport.<\/li>\n<li>Matriculacions de vehicles, baixes i transfer\u00e8ncies.<\/li>\n<\/ul>\n","protected":false},"excerpt":{"rendered":"<p>Serveis de Gestoria: Tramitaci\u00f3 de permisos d&#8217;obertura, alta d&#8217;activitats. Tramitacions diverses davant del Registre Mercantil i el Registre de la Propietat. Liquidacions d&#8217;impostos. Obtenci\u00f3 i renovaci\u00f3 de permisos (conducci\u00f3, ca\u00e7a, armes). Targes de transport. Matriculacions de vehicles, baixes i transfer\u00e8ncies.<\/p>\n","protected":false},"author":1,"featured_media":0,"parent":0,"menu_order":0,"comment_status":"closed","ping_status":"closed","template":"page_r.php","meta":[],"_links":{"self":[{"href":"https:\/\/barnadasassessors.com\/index.php?rest_route=\/wp\/v2\/pages\/71"}],"collection":[{"href":"https:\/\/barnadasassessors.com\/index.php?rest_route=\/wp\/v2\/pages"}],"about":[{"href":"https:\/\/barnadasassessors.com\/index.php?rest_route=\/wp\/v2\/types\/page"}],"author":[{"embeddable":true,"href":"https:\/\/barnadasassessors.com\/index.php?rest_route=\/wp\/v2\/users\/1"}],"replies":[{"embeddable":true,"href":"https:\/\/barnadasassessors.com\/index.php?rest_route=%2Fwp%2Fv2%2Fcomments&post=71"}],"version-history":[{"count":5,"href":"https:\/\/barnadasassessors.com\/index.php?rest_route=\/wp\/v2\/pages\/71\/revisions"}],"predecessor-version":[{"id":88,"href":"https:\/\/barnadasassessors.com\/index.php?rest_route=\/wp\/v2\/pages\/71\/revisions\/88"}],"wp:attachment":[{"href":"https:\/\/barnadasassessors.com\/index.php?rest_route=%2Fwp%2Fv2%2Fmedia&parent=71"}],"curies":[{"name":"wp","href":"https:\/\/api.w.org\/{rel}","templated":true}]}}