{"id":292,"date":"2018-10-10T15:44:41","date_gmt":"2018-10-10T15:44:41","guid":{"rendered":"http:\/\/barnadasassessors.com\/?page_id=292"},"modified":"2020-01-09T07:39:49","modified_gmt":"2020-01-09T07:39:49","slug":"avis-legal","status":"publish","type":"page","link":"https:\/\/barnadasassessors.com\/?page_id=292","title":{"rendered":"Avis legal"},"content":{"rendered":"<p style=\"text-align: justify;\"><strong>AV\u00cdS LEGAL<\/strong><\/p>\n<p style=\"text-align: justify;\"><strong>\u00a0<\/strong><\/p>\n<p style=\"text-align: justify;\"><strong>DADES DE L&#8217;EMPRESA<\/strong><\/p>\n<p style=\"text-align: justify;\">En compliment de l&#8217;article 10 de la Llei 34\/2002, de 11 de juliol, de Serveis de la Societat de la Informaci\u00f3 i Comer\u00e7 Electr\u00f2nic, BARNADAS ASSESSORS, SL l&#8217;informa que es troba inscrita en el Registre Mercantil de Tarragona, sent les seves dades identificatives els seg\u00fcents:<\/p>\n<p style=\"text-align: justify;\">Denominaci\u00f3 social: BARNADAS ASSESSORS, S.L<\/p>\n<p style=\"text-align: justify;\">C.I.F .: B43466440<\/p>\n<p style=\"text-align: justify;\">Domicili social: RIERA DE LA BISBAL 72 43700 &#8211; EL VENDRELL (TARRAGONA)<\/p>\n<p style=\"text-align: justify;\">Tel\u00e8fon: 977661249<\/p>\n<p style=\"text-align: justify;\">Correu electr\u00f2nic a efectes de comunicaci\u00f3: camil.la@barnadasassessors.com<\/p>\n<p style=\"text-align: justify;\">Dades de contacte Delegat de Protecci\u00f3 de Dades: Tel\u00e8fon: 977661249 Correu electr\u00f2nic: camil.la@barnadasassessors.com.<\/p>\n<p style=\"text-align: justify;\">Totes les notificacions i comunicacions entre els usuaris i BARNADAS ASSESSORS, S.L es consideraran efica\u00e7os, a tots els efectes, quan es realitzin a trav\u00e9s de correu postal o qualsevol altre mitj\u00e0 dels detallats anteriorment.<\/p>\n<p style=\"text-align: justify;\">\n<p style=\"text-align: justify;\"><strong>CONDICIONS D&#8217;ACC\u00c9S I UTILITZACI\u00d3<\/strong><\/p>\n<p style=\"text-align: justify;\">El present av\u00eds legal regula l&#8217;\u00fas del lloc web http:\/\/barnadasassessors.com (en endavant, LA WEB), de qu\u00e8 \u00e9s titular BARNADAS ASSESSORS, S.L.<\/p>\n<p style=\"text-align: justify;\">La navegaci\u00f3 per la web de BARNADAS ASSESSORS, S.L atribueix la condici\u00f3 d&#8217;usuari de la mateixa i implica l&#8217;acceptaci\u00f3 plena i sense reserves de totes i cadascuna de les disposicions incloses en aquest Av\u00eds Legal, que poden patir modificacions.<\/p>\n<p style=\"text-align: justify;\">El lloc web i els seus serveis s\u00f3n d&#8217;acc\u00e9s lliure i gratu\u00eft, no obstant aix\u00f2, BARNADAS ASSESSORS, S.L condiciona la utilitzaci\u00f3 d&#8217;alguns dels serveis oferts a la seva web al previ ompliment del corresponent formulari.<\/p>\n<p style=\"text-align: justify;\">Tots els continguts del lloc web, com ara textos, fotografies, gr\u00e0fics, imatges, icones, tecnologia, programari, aix\u00ed com el seu disseny i codis font, constitueixen una obra la propietat pertany a BARNADAS ASSESSORS, SL, sense que puguin entendre cedits a l&#8217;usuari cap dels drets d&#8217;explotaci\u00f3 sobre els mateixos m\u00e9s enll\u00e0 de l&#8217;estrictament necessari per al correcte \u00fas del web.<\/p>\n<p style=\"text-align: justify;\">L&#8217;usuari garanteix l&#8217;autenticitat i actualitat de totes aquelles dades que comuniqui a BARNADAS ASSESSORS, S.L i ser\u00e0 l&#8217;\u00fanic responsable de les manifestacions falses o inexactes que realitzi.<\/p>\n<p style=\"text-align: justify;\">L&#8217;usuari s&#8217;obliga a fer un \u00fas correcte de la p\u00e0gina web de conformitat amb les lleis, la bona fe, l&#8217;ordre p\u00fablic, els usos i costums i el present Av\u00eds Legal. L&#8217;usuari respondr\u00e0 davant BARNADAS ASSESSORS, S.L o davant de tercers, de qualssevol danys i perjudicis que poguessin causar com a conseq\u00fc\u00e8ncia de l&#8217; incompliment d&#8217;aquesta obligaci\u00f3.<\/p>\n<p style=\"text-align: justify;\"><strong>\u00a0<\/strong><\/p>\n<p style=\"text-align: justify;\"><strong>POL\u00cdTICA D&#8217;ENLLA\u00c7OS I EXEMPCIONS DE RESPONSABILITATS<\/strong><\/p>\n<p style=\"text-align: justify;\">BARNADAS ASSESSORS, SL no es fa responsable del contingut de les p\u00e0gines web a les que l&#8217;usuari pugui accedir a trav\u00e9s dels enlla\u00e7os establerts a LA WEB i declara que en cap cas procedir\u00e0 a examinar o exercitar cap tipus de control sobre el contingut d&#8217;altres p\u00e0gines de la xarxa. Aix\u00ed mateix, tampoc garantir\u00e0 la disponibilitat t\u00e8cnica, exactitud, veracitat, validesa o legalitat de p\u00e0gines alienes a la seva propietat a les que es pugui accedir per mitj\u00e0 dels enlla\u00e7os.<\/p>\n<p style=\"text-align: justify;\">BARNADAS ASSESSORS, S.L declara haver adoptat totes les mesures necess\u00e0ries per evitar qualsevol dany que, als usuaris de LA WEB, poguessin derivar-se de la navegaci\u00f3 per la mateixa. En conseq\u00fc\u00e8ncia, BARNADAS ASSESSORS, S.L no es fa responsable, en cap cas, dels eventuals danys que per la navegaci\u00f3 per Internet pogu\u00e9s patir l&#8217;usuari.<\/p>\n<p style=\"text-align: justify;\"><strong>\u00a0<\/strong><\/p>\n<p style=\"text-align: justify;\"><strong>\u00daS DE COOKIES I DADES ESTAD\u00cdSTIQUES<\/strong><\/p>\n<p style=\"text-align: justify;\">Aquesta p\u00e0gina web pot recollir dades dels seus visitants per mitj\u00e0 de l&#8217;\u00fas de cookies. Consultar la pol\u00edtica de cookies, si escau.<\/p>\n<p style=\"text-align: justify;\">L&#8217;usuari t\u00e9 la possibilitat de configurar el seu navegador de manera que se li informi de la recepci\u00f3 de cookies, podent, si aix\u00ed ho desitja, impedir que siguin instal\u00b7lades en el seu disc dur.<\/p>\n<p style=\"text-align: justify;\"><strong>\u00a0<\/strong><\/p>\n<p style=\"text-align: justify;\"><strong>PROTECCIO DE DADES<\/strong><\/p>\n<p style=\"text-align: justify;\">BARNADAS ASSESSORS, S.L no recull dades de car\u00e0cter personal a trav\u00e9s d&#8217;aquesta p\u00e0gina web.<\/p>\n<p style=\"text-align: justify;\"><strong>\u00a0<\/strong><\/p>\n<p style=\"text-align: justify;\"><strong>AVISO LEGAL<\/strong><\/p>\n<p style=\"text-align: justify;\"><strong>\u00a0<\/strong><\/p>\n<p style=\"text-align: justify;\"><strong>DATOS DE LA EMPRESA<\/strong><\/p>\n<p style=\"text-align: justify;\">En cumplimiento del art\u00edculo 10 de la Ley 34\/2002, de 11 de julio, de Servicios de la Sociedad de la Informaci\u00f3n y Comercio Electr\u00f3nico, BARNADAS ASSESSORS, S.L\u00a0 le informa que se encuentra inscrita en el Registro Mercantil de Tarragona, siendo sus datos identificativos los siguientes:<\/p>\n<p style=\"text-align: justify;\">\n<p style=\"text-align: justify;\">Denominaci\u00f3n social: BARNADAS ASSESSORS, S.L<\/p>\n<p style=\"text-align: justify;\">C.I.F.: B43466440<\/p>\n<p style=\"text-align: justify;\">Domicilio social: RIERA DE LA BISBAL 72 43700 &#8211; EL VENDRELL (TARRAGONA)<\/p>\n<p style=\"text-align: justify;\">Tel\u00e9fono: 977661249<\/p>\n<p style=\"text-align: justify;\">Correo electr\u00f3nico a efectos de comunicaci\u00f3n: <u>camil.la@barnadasassessors.com<\/u><\/p>\n<p style=\"text-align: justify;\"><strong>Datos de contacto Delegado de Protecci\u00f3n de Datos<\/strong>: Tel\u00e9fono: 977661249\u00a0 Correo electr\u00f3nico: <u>camil.la@barnadasassessors.com<\/u>.<\/p>\n<p style=\"text-align: justify;\">Todas las notificaciones y comunicaciones entre los usuarios y BARNADAS ASSESSORS, S.L se considerar\u00e1n eficaces, a todos los efectos, cuando se realicen a trav\u00e9s de correo postal o cualquier otro medio de los detallados anteriormente.<\/p>\n<p style=\"text-align: justify;\">\n<p style=\"text-align: justify;\"><strong>CONDICIONES DE ACCESO Y UTILIZACI\u00d3N<\/strong><\/p>\n<p style=\"text-align: justify;\">El presente aviso legal regula el uso del sitio web <u>http:\/\/barnadasassessors.com<\/u> (en adelante, LA WEB), del que es titular BARNADAS ASSESSORS, S.L.<\/p>\n<p style=\"text-align: justify;\">La navegaci\u00f3n por la web de BARNADAS ASSESSORS, S.L atribuye la condici\u00f3n de usuario del mismo e implica la aceptaci\u00f3n plena y sin reservas de todas y cada una de las disposiciones incluidas en este Aviso Legal, que pueden sufrir modificaciones.<\/p>\n<p style=\"text-align: justify;\">El sitio web y sus servicios son de acceso libre y gratuito, no obstante, BARNADAS ASSESSORS, S.L condiciona la utilizaci\u00f3n de algunos de los servicios ofrecidos en su web a la previa cumplimentaci\u00f3n del correspondiente formulario.<\/p>\n<p style=\"text-align: justify;\">Todos los contenidos del sitio web, como textos, fotograf\u00edas, gr\u00e1ficos, im\u00e1genes, iconos, tecnolog\u00eda, software, as\u00ed como su dise\u00f1o y c\u00f3digos fuente, constituyen una obra cuya propiedad pertenece a BARNADAS ASSESSORS, S.L, sin que puedan entenderse cedidos al usuario ninguno de los derechos de explotaci\u00f3n sobre los mismos m\u00e1s all\u00e1 de lo estrictamente necesario para el correcto uso de la web.<\/p>\n<p style=\"text-align: justify;\">El usuario garantiza la autenticidad y actualidad de todos aquellos datos que comunique a BARNADAS ASSESSORS, S.L y ser\u00e1 el \u00fanico responsable de las manifestaciones falsas o inexactas que realice.<\/p>\n<p style=\"text-align: justify;\">El usuario se obliga a hacer un uso correcto del sitio web de conformidad con las leyes, la buena fe, el orden p\u00fablico, los usos del tr\u00e1fico y el presente Aviso Legal. El usuario responder\u00e1 frente a BARNADAS ASSESSORS, S.L o frente a terceros, de cualesquiera da\u00f1os y perjuicios que pudieran causarse como consecuencia del incumplimiento de dicha obligaci\u00f3n.<\/p>\n<p style=\"text-align: justify;\"><strong>\u00a0<\/strong><\/p>\n<p style=\"text-align: justify;\"><strong>POL\u00cdTICA DE ENLACES Y EXENCIONES DE RESPONSABILIDADES<\/strong><\/p>\n<p style=\"text-align: justify;\">BARNADAS ASSESSORS, S.L no se hace responsable del contenido de las p\u00e1ginas web a las que el usuario pueda acceder a trav\u00e9s de los enlaces establecidos en LA WEB y declara que en ning\u00fan caso proceder\u00e1 a examinar o ejercitar ning\u00fan tipo de control sobre el contenido de otras p\u00e1ginas de la red. Asimismo, tampoco garantizar\u00e1 la disponibilidad t\u00e9cnica, exactitud, veracidad, validez o legalidad de p\u00e1ginas ajenas a su propiedad a las que se pueda acceder por medio de los enlaces.<\/p>\n<p style=\"text-align: justify;\">BARNADAS ASSESSORS, S.L declara haber adoptado todas las medidas necesarias para evitar cualesquiera da\u00f1os que, a los usuarios de LA WEB, pudieran derivarse de la navegaci\u00f3n por la misma. En consecuencia, BARNADAS ASSESSORS, S.L no se hace responsable, en ning\u00fan caso, de los eventuales da\u00f1os que por la navegaci\u00f3n por Internet pudiera sufrir el usuario.<\/p>\n<p style=\"text-align: justify;\"><strong>\u00a0<\/strong><\/p>\n<p style=\"text-align: justify;\"><strong>USO DE COOKIES Y DATOS ESTAD\u00cdSTICOS<\/strong><\/p>\n<p style=\"text-align: justify;\">Esta p\u00e1gina web puede recoger datos de sus visitantes por medio del uso de cookies. Consultar la <strong><u>pol\u00edtica de cookies<\/u><\/strong>, en su caso.<\/p>\n<p style=\"text-align: justify;\">El usuario tiene la posibilidad de configurar su navegador de modo que se le informe de la recepci\u00f3n de cookies, pudiendo, si as\u00ed lo desea, impedir que sean instaladas en su disco duro.<\/p>\n<p style=\"text-align: justify;\"><strong>\u00a0<\/strong><\/p>\n<p style=\"text-align: justify;\"><strong>PROTECCI\u00d3N DE DATOS <\/strong><\/p>\n<p style=\"text-align: justify;\">BARNADAS ASSESSORS, S.L no recoge datos de car\u00e1cter personal a trav\u00e9s de esta p\u00e1gina web.<\/p>\n","protected":false},"excerpt":{"rendered":"<p>AV\u00cdS LEGAL \u00a0 DADES DE L&#8217;EMPRESA En compliment de l&#8217;article 10 de la Llei 34\/2002, de 11 de juliol, de Serveis de la Societat de la Informaci\u00f3 i Comer\u00e7 Electr\u00f2nic, BARNADAS ASSESSORS, SL l&#8217;informa que es troba inscrita en el Registre Mercantil de Tarragona, sent les seves dades identificatives els seg\u00fcents: Denominaci\u00f3 social: BARNADAS ASSESSORS, [&hellip;]<\/p>\n","protected":false},"author":1,"featured_media":0,"parent":0,"menu_order":0,"comment_status":"closed","ping_status":"closed","template":"","meta":[],"_links":{"self":[{"href":"https:\/\/barnadasassessors.com\/index.php?rest_route=\/wp\/v2\/pages\/292"}],"collection":[{"href":"https:\/\/barnadasassessors.com\/index.php?rest_route=\/wp\/v2\/pages"}],"about":[{"href":"https:\/\/barnadasassessors.com\/index.php?rest_route=\/wp\/v2\/types\/page"}],"author":[{"embeddable":true,"href":"https:\/\/barnadasassessors.com\/index.php?rest_route=\/wp\/v2\/users\/1"}],"replies":[{"embeddable":true,"href":"https:\/\/barnadasassessors.com\/index.php?rest_route=%2Fwp%2Fv2%2Fcomments&post=292"}],"version-history":[{"count":5,"href":"https:\/\/barnadasassessors.com\/index.php?rest_route=\/wp\/v2\/pages\/292\/revisions"}],"predecessor-version":[{"id":326,"href":"https:\/\/barnadasassessors.com\/index.php?rest_route=\/wp\/v2\/pages\/292\/revisions\/326"}],"wp:attachment":[{"href":"https:\/\/barnadasassessors.com\/index.php?rest_route=%2Fwp%2Fv2%2Fmedia&parent=292"}],"curies":[{"name":"wp","href":"https:\/\/api.w.org\/{rel}","templated":true}]}}