{"id":11,"date":"2015-05-07T11:01:13","date_gmt":"2015-05-07T11:01:13","guid":{"rendered":"http:\/\/barnadasassessors.com\/?page_id=11"},"modified":"2018-10-22T15:06:07","modified_gmt":"2018-10-22T15:06:07","slug":"qui-som","status":"publish","type":"page","link":"https:\/\/barnadasassessors.com\/?page_id=11","title":{"rendered":"Qui som?"},"content":{"rendered":"<p style=\"text-align: justify;\">Des de 1975, som un despatx professional que facilita a particulars i empreses el compliment de les seves obligacions fiscals i comptables. El nostre objectiu principal \u00e9s la satisfacci\u00f3 i confian\u00e7a dels nostres clients, treballant amb professionalitat, serietat i confidencialitat.<\/p>\n<p style=\"text-align: justify;\">Amb un equip hum\u00e0 estable, aportem solucions a temps real, oferint un servei integral garantint que el vostre negoci es trobi protegit i assessorat en els \u00e0mbits fiscal, comptable, jur\u00eddic, administratiu, vehicles, transports i d\u2019assegurances. Partim de les necessitats dels nostres clients i ofreim un servei \u00fatil i de qualitat.<\/p>\n<p style=\"text-align: justify;\">Ens agrada el tracte proper. Ens interessem les necessitats concretes dels nostres clients, adaptant-nos a la seva forma de treballar, mantenint un canal de comunicaci\u00f3 constant. Amb una trajectoria de m\u00e9s de trenta cinc anys, forma part dels nostres principis el mantenir una relaci\u00f3 de confian\u00e7a amb els nostres clients, satisfent de manera eficient i oportuna les seves necessitats.<\/p>\n","protected":false},"excerpt":{"rendered":"<p>Des de 1975, som un despatx professional que facilita a particulars i empreses el compliment de les seves obligacions fiscals i comptables. El nostre objectiu principal \u00e9s la satisfacci\u00f3 i confian\u00e7a dels nostres clients, treballant amb professionalitat, serietat i confidencialitat. Amb un equip hum\u00e0 estable, aportem solucions a temps real, oferint un servei integral garantint [&hellip;]<\/p>\n","protected":false},"author":1,"featured_media":0,"parent":0,"menu_order":0,"comment_status":"closed","ping_status":"open","template":"page_r.php","meta":[],"_links":{"self":[{"href":"https:\/\/barnadasassessors.com\/index.php?rest_route=\/wp\/v2\/pages\/11"}],"collection":[{"href":"https:\/\/barnadasassessors.com\/index.php?rest_route=\/wp\/v2\/pages"}],"about":[{"href":"https:\/\/barnadasassessors.com\/index.php?rest_route=\/wp\/v2\/types\/page"}],"author":[{"embeddable":true,"href":"https:\/\/barnadasassessors.com\/index.php?rest_route=\/wp\/v2\/users\/1"}],"replies":[{"embeddable":true,"href":"https:\/\/barnadasassessors.com\/index.php?rest_route=%2Fwp%2Fv2%2Fcomments&post=11"}],"version-history":[{"count":6,"href":"https:\/\/barnadasassessors.com\/index.php?rest_route=\/wp\/v2\/pages\/11\/revisions"}],"predecessor-version":[{"id":299,"href":"https:\/\/barnadasassessors.com\/index.php?rest_route=\/wp\/v2\/pages\/11\/revisions\/299"}],"wp:attachment":[{"href":"https:\/\/barnadasassessors.com\/index.php?rest_route=%2Fwp%2Fv2%2Fmedia&parent=11"}],"curies":[{"name":"wp","href":"https:\/\/api.w.org\/{rel}","templated":true}]}}